{"id":2896,"date":"2025-07-28T15:07:51","date_gmt":"2025-07-28T15:07:51","guid":{"rendered":"https:\/\/lorenzg.de\/roll-on\/"},"modified":"2025-11-21T11:15:15","modified_gmt":"2025-11-21T11:15:15","slug":"roll-on","status":"publish","type":"page","link":"https:\/\/lorenzg.de\/fr\/roll-on\/","title":{"rendered":"Roll-on"},"content":{"rendered":"\t\t<div data-elementor-type=\"wp-page\" data-elementor-id=\"2896\" class=\"elementor elementor-2896 elementor-187\" data-elementor-settings=\"{&quot;ha_cmc_init_switcher&quot;:&quot;no&quot;}\" data-elementor-post-type=\"page\">\n\t\t\t\t<main class=\"elementor-element elementor-element-cd16cd8 e-con-full e-flex e-con e-parent\" data-id=\"cd16cd8\" data-element_type=\"container\" data-e-type=\"container\" data-settings=\"{&quot;background_background&quot;:&quot;classic&quot;,&quot;_ha_eqh_enable&quot;:false}\">\n\t\t\t\t<\/main>\n\t\t<main class=\"elementor-element elementor-element-e5e5b42 e-flex e-con-boxed e-con e-parent\" data-id=\"e5e5b42\" data-element_type=\"container\" data-e-type=\"container\" data-settings=\"{&quot;background_background&quot;:&quot;classic&quot;,&quot;_ha_eqh_enable&quot;:false}\">\n\t\t\t\t\t<div class=\"e-con-inner\">\n\t\t\t\t<div class=\"elementor-element elementor-element-af40b08 elementor-widget elementor-widget-heading\" data-id=\"af40b08\" data-element_type=\"widget\" data-e-type=\"widget\" data-widget_type=\"heading.default\">\n\t\t\t\t\t<h2 class=\"elementor-heading-title elementor-size-default\">Roll-on<\/h2>\t\t\t\t<\/div>\n\t\t\t\t<div class=\"elementor-element elementor-element-b9d06d3 elementor-widget elementor-widget-text-editor\" data-id=\"b9d06d3\" data-element_type=\"widget\" data-e-type=\"widget\" data-widget_type=\"text-editor.default\">\n\t\t\t\t\t\t\t\t\t<p>Les roll-ons de Lorenz G. se distinguent par la <strong>pr\u00e9cision exceptionnelle<\/strong> de l&rsquo;interaction entre <a href=\"https:\/\/staging.lorenz-g.com\/kugeln\/\" target=\"_blank\" rel=\"noopener noreferrer nofollow\">la bille de pr\u00e9cision<\/a> et <a href=\"https:\/\/staging.lorenz-g.com\/fitments\/\" target=\"_blank\" rel=\"noopener noreferrer nofollow\">le raccord<\/a> correspondant. Ces deux \u00e9l\u00e9ments garantissent une distribution <strong>uniforme<\/strong> du contenu, de la premi\u00e8re utilisation jusqu&rsquo;\u00e0 la derni\u00e8re goutte. Ceci est <strong>\u00e9conomique et respectueux de l&rsquo;environnement.<\/strong> C&rsquo;est pourquoi de nombreux fabricants, embouteilleurs et conditionneurs renomm\u00e9s <strong>du monde<\/strong> entier font confiance \u00e0 nos produits depuis de nombreuses ann\u00e9es.<\/p>\n<p class=\"p1\">\u00c9conomisez environ 6 % de temps de remplissage gr\u00e2ce aux billes Lorenz G. <strong>parfaitement adapt\u00e9es<\/strong>. Par exemple, avec la bille PP pleine. 24,40 mm, la surface optimis\u00e9e de la bille <strong>r\u00e9duit <\/strong>la perte de produit de 4 % et augmente la <strong>disponibilit\u00e9 de la ligne<\/strong>, car les arr\u00eats pour nettoyage sont nettement moins fr\u00e9quents.  <\/p>\n\t\t\t\t\t\t\t\t<\/div>\n\t\t\t\t<div class=\"elementor-element elementor-element-83f0870 elementor-icon-list--layout-traditional elementor-list-item-link-full_width elementor-widget elementor-widget-icon-list\" data-id=\"83f0870\" data-element_type=\"widget\" data-e-type=\"widget\" data-widget_type=\"icon-list.default\">\n\t\t\t\t\t\t\t<ul class=\"elementor-icon-list-items\">\n\t\t\t\t\t\t\t<li class=\"elementor-icon-list-item\">\n\t\t\t\t\t\t\t\t\t\t\t<a href=\"https:\/\/lorenzg.de\/fr\/boules\/\">\n\n\t\t\t\t\t\t\t\t\t\t\t\t<span class=\"elementor-icon-list-icon\">\n\t\t\t\t\t\t\t<svg aria-hidden=\"true\" class=\"e-font-icon-svg e-far-arrow-alt-circle-right\" viewBox=\"0 0 512 512\" xmlns=\"http:\/\/www.w3.org\/2000\/svg\"><path d=\"M504 256C504 119 393 8 256 8S8 119 8 256s111 248 248 248 248-111 248-248zm-448 0c0-110.5 89.5-200 200-200s200 89.5 200 200-89.5 200-200 200S56 366.5 56 256zm72 20v-40c0-6.6 5.4-12 12-12h116v-67c0-10.7 12.9-16 20.5-8.5l99 99c4.7 4.7 4.7 12.3 0 17l-99 99c-7.6 7.6-20.5 2.2-20.5-8.5v-67H140c-6.6 0-12-5.4-12-12z\"><\/path><\/svg>\t\t\t\t\t\t<\/span>\n\t\t\t\t\t\t\t\t\t\t<span class=\"elementor-icon-list-text\">vers les boules<\/span>\n\t\t\t\t\t\t\t\t\t\t\t<\/a>\n\t\t\t\t\t\t\t\t\t<\/li>\n\t\t\t\t\t\t\t\t<li class=\"elementor-icon-list-item\">\n\t\t\t\t\t\t\t\t\t\t\t<a href=\"https:\/\/lorenzg.de\/fr\/fitments\/\">\n\n\t\t\t\t\t\t\t\t\t\t\t\t<span class=\"elementor-icon-list-icon\">\n\t\t\t\t\t\t\t<svg aria-hidden=\"true\" class=\"e-font-icon-svg e-far-arrow-alt-circle-right\" viewBox=\"0 0 512 512\" xmlns=\"http:\/\/www.w3.org\/2000\/svg\"><path d=\"M504 256C504 119 393 8 256 8S8 119 8 256s111 248 248 248 248-111 248-248zm-448 0c0-110.5 89.5-200 200-200s200 89.5 200 200-89.5 200-200 200S56 366.5 56 256zm72 20v-40c0-6.6 5.4-12 12-12h116v-67c0-10.7 12.9-16 20.5-8.5l99 99c4.7 4.7 4.7 12.3 0 17l-99 99c-7.6 7.6-20.5 2.2-20.5-8.5v-67H140c-6.6 0-12-5.4-12-12z\"><\/path><\/svg>\t\t\t\t\t\t<\/span>\n\t\t\t\t\t\t\t\t\t\t<span class=\"elementor-icon-list-text\">vers les montages<\/span>\n\t\t\t\t\t\t\t\t\t\t\t<\/a>\n\t\t\t\t\t\t\t\t\t<\/li>\n\t\t\t\t\t\t<\/ul>\n\t\t\t\t\t\t<\/div>\n\t\t\t\t<div class=\"elementor-element elementor-element-e956d40 elementor-widget elementor-widget-heading\" data-id=\"e956d40\" data-element_type=\"widget\" data-e-type=\"widget\" data-widget_type=\"heading.default\">\n\t\t\t\t\t<h2 class=\"elementor-heading-title elementor-size-default\">DES ROLL-ONS PARFAITS POUR TOUS LES SUPPORTS<\/h2>\t\t\t\t<\/div>\n\t\t\t\t<div class=\"elementor-element elementor-element-2deeeea elementor-widget elementor-widget-text-editor\" data-id=\"2deeeea\" data-element_type=\"widget\" data-e-type=\"widget\" data-widget_type=\"text-editor.default\">\n\t\t\t\t\t\t\t\t\t<p>S\u00e9lectionnez le ou les articles souhait\u00e9s \u00e0 l&rsquo;aide de <a href=\"https:\/\/lorenzg.de\/#elementor-action%3Aaction%3Dpopup%3Aopen%26settings%3DeyJpZCI6NzE2LCJ0b2dnbGUiOmZhbHNlfQ%3D%3D\">notre formulaire<\/a> de demande et lancez votre demande.<\/p>\n<p>Nous clarifions le d\u00e9lai de livraison et le prix du jour \u2013 en raison de la d\u00e9pendance aux mati\u00e8res premi\u00e8res, les co\u00fbts de fabrication varient consid\u00e9rablement, de sorte que nous ne pouvons pas indiquer de prix ici \u2013 et nous vous r\u00e9pondrons dans les plus brefs d\u00e9lais.<\/p>\n<p><strong>Si vous ne trouvez pas le produit souhait\u00e9 dans notre vaste s\u00e9lection standard, envoyez-nous simplement les donn\u00e9es correspondantes. Nous nous en occuperons ! <\/strong><\/p>\n\t\t\t\t\t\t\t\t<\/div>\n\t\t\t\t<div class=\"elementor-element elementor-element-435aef5 elementor-widget elementor-widget-button\" data-id=\"435aef5\" data-element_type=\"widget\" data-e-type=\"widget\" data-widget_type=\"button.default\">\n\t\t\t\t\t\t\t\t\t\t<a class=\"elementor-button elementor-button-link elementor-size-sm elementor-animation-grow\" href=\"#elementor-action%3Aaction%3Dpopup%3Aopen%26settings%3DeyJpZCI6MjkwNCwidG9nZ2xlIjpmYWxzZX0%3D\">\n\t\t\t\t\t\t<span class=\"elementor-button-content-wrapper\">\n\t\t\t\t\t\t<span class=\"elementor-button-icon\">\n\t\t\t\t<svg aria-hidden=\"true\" class=\"e-font-icon-svg e-fas-arrow-right\" viewBox=\"0 0 448 512\" xmlns=\"http:\/\/www.w3.org\/2000\/svg\"><path d=\"M190.5 66.9l22.2-22.2c9.4-9.4 24.6-9.4 33.9 0L441 239c9.4 9.4 9.4 24.6 0 33.9L246.6 467.3c-9.4 9.4-24.6 9.4-33.9 0l-22.2-22.2c-9.5-9.5-9.3-25 .4-34.3L311.4 296H24c-13.3 0-24-10.7-24-24v-32c0-13.3 10.7-24 24-24h287.4L190.9 101.2c-9.8-9.3-10-24.8-.4-34.3z\"><\/path><\/svg>\t\t\t<\/span>\n\t\t\t\t\t\t\t\t\t<span class=\"elementor-button-text\">Produkte anfragen<\/span>\n\t\t\t\t\t<\/span>\n\t\t\t\t\t<\/a>\n\t\t\t\t\t\t\t\t<\/div>\n\t\t\t\t\t<\/div>\n\t\t\t\t<\/main>\n\t\t<div class=\"elementor-element elementor-element-5598f86 e-con-full animated-slow e-flex elementor-invisible e-con e-parent\" data-id=\"5598f86\" data-element_type=\"container\" data-e-type=\"container\" data-settings=\"{&quot;background_background&quot;:&quot;classic&quot;,&quot;animation&quot;:&quot;fadeInUp&quot;,&quot;_ha_eqh_enable&quot;:false}\">\n\t\t<div class=\"elementor-element elementor-element-f92c8ae e-con-full e-flex elementor-invisible e-con e-child\" data-id=\"f92c8ae\" data-element_type=\"container\" data-e-type=\"container\" data-settings=\"{&quot;background_background&quot;:&quot;classic&quot;,&quot;animation&quot;:&quot;fadeInLeft&quot;,&quot;_ha_eqh_enable&quot;:false}\">\n\t\t\t\t<\/div>\n\t\t<div class=\"elementor-element elementor-element-69433f3 e-con-full e-flex elementor-invisible e-con e-child\" data-id=\"69433f3\" data-element_type=\"container\" data-e-type=\"container\" data-settings=\"{&quot;animation&quot;:&quot;fadeInRight&quot;,&quot;_ha_eqh_enable&quot;:false}\">\n\t\t\t\t<div class=\"elementor-element elementor-element-336d6ab elementor-widget elementor-widget-heading\" data-id=\"336d6ab\" data-element_type=\"widget\" data-e-type=\"widget\" data-widget_type=\"heading.default\">\n\t\t\t\t\t<h2 class=\"elementor-heading-title elementor-size-default\">Notre mod\u00e8le de r\u00e9ussite<\/h2>\t\t\t\t<\/div>\n\t\t\t\t<div class=\"elementor-element elementor-element-5738903 elementor-widget elementor-widget-text-editor\" data-id=\"5738903\" data-element_type=\"widget\" data-e-type=\"widget\" data-widget_type=\"text-editor.default\">\n\t\t\t\t\t\t\t\t\t<p class=\"p1\">Le syst\u00e8me roll-on \u00e9prouv\u00e9 avec <span class=\"s1\"><b>bille pleine en PP de 25,40 mm <\/b><\/span>et raccord <span class=\"s1\"><b>LDPE avec joint int\u00e9rieur<\/b><\/span> garantit une \u00e9tanch\u00e9it\u00e9 maximale et une distribution uniforme du produit.<\/p>\n<p class=\"p1\">Parfaitement adapt\u00e9 aux d\u00e9odorants, aux soins corporels et aux applications cosm\u00e9tiques \u2013 avec un bouchon assorti disponible dans de nombreuses couleurs, pouvant \u00eatre combin\u00e9 individuellement.<\/p>\n\t\t\t\t\t\t\t\t<\/div>\n\t\t\t\t<\/div>\n\t\t\t\t<\/div>\n\t\t<div class=\"elementor-element elementor-element-e4ca251 e-con-full e-flex elementor-invisible e-con e-parent\" data-id=\"e4ca251\" data-element_type=\"container\" data-e-type=\"container\" data-settings=\"{&quot;background_background&quot;:&quot;classic&quot;,&quot;animation&quot;:&quot;fadeInUp&quot;,&quot;_ha_eqh_enable&quot;:false}\">\n\t\t<div class=\"elementor-element elementor-element-5eb0622 e-con-full e-flex elementor-invisible e-con e-child\" data-id=\"5eb0622\" data-element_type=\"container\" data-e-type=\"container\" data-settings=\"{&quot;background_background&quot;:&quot;classic&quot;,&quot;animation&quot;:&quot;fadeInRight&quot;,&quot;_ha_eqh_enable&quot;:false}\">\n\t\t\t\t<\/div>\n\t\t<div class=\"elementor-element elementor-element-6dcf864 e-con-full e-flex elementor-invisible e-con e-child\" data-id=\"6dcf864\" data-element_type=\"container\" data-e-type=\"container\" data-settings=\"{&quot;animation&quot;:&quot;fadeInLeft&quot;,&quot;_ha_eqh_enable&quot;:false}\">\n\t\t\t\t<div class=\"elementor-element elementor-element-ca4680c elementor-widget elementor-widget-heading\" data-id=\"ca4680c\" data-element_type=\"widget\" data-e-type=\"widget\" data-widget_type=\"heading.default\">\n\t\t\t\t\t<h2 class=\"elementor-heading-title elementor-size-default\">Mod\u00e8les sp\u00e9ciaux<\/h2>\t\t\t\t<\/div>\n\t\t\t\t<div class=\"elementor-element elementor-element-a72bd88 elementor-widget elementor-widget-text-editor\" data-id=\"a72bd88\" data-element_type=\"widget\" data-e-type=\"widget\" data-widget_type=\"text-editor.default\">\n\t\t\t\t\t\t\t\t\t<p class=\"p1\">Nos <span class=\"s1\"><b>syst\u00e8mes roll-on <\/b><\/span>peuvent \u00e9galement \u00eatre \u00e9quip\u00e9s de billes <span class=\"s1\"><b>en verre, en pierres pr\u00e9cieuses, en acier inoxydable ou en c\u00e9ramique<\/b><\/span>, pour un effet visuel et fonctionnel particulier.<\/p>\n<p class=\"p1\">Id\u00e9al pour les cosm\u00e9tiques haut de gamme, les produits de bien-\u00eatre et de soin qui se distinguent sur le march\u00e9 par leurs mat\u00e9riaux exclusifs et leur design haut de gamme.<\/p>\n\t\t\t\t\t\t\t\t<\/div>\n\t\t\t\t<\/div>\n\t\t\t\t<\/div>\n\t\t<div class=\"elementor-element elementor-element-c544949 e-flex e-con-boxed elementor-invisible e-con e-parent\" data-id=\"c544949\" data-element_type=\"container\" data-e-type=\"container\" data-settings=\"{&quot;background_background&quot;:&quot;classic&quot;,&quot;animation&quot;:&quot;fadeInUp&quot;,&quot;_ha_eqh_enable&quot;:false}\">\n\t\t\t\t\t<div class=\"e-con-inner\">\n\t\t\t\t<div class=\"elementor-element elementor-element-6c999af elementor-widget elementor-widget-heading\" data-id=\"6c999af\" data-element_type=\"widget\" data-e-type=\"widget\" data-widget_type=\"heading.default\">\n\t\t\t\t\t<h2 class=\"elementor-heading-title elementor-size-default\">Large choix de produits standard ou articles sp\u00e9ciaux personnalis\u00e9s<\/h2>\t\t\t\t<\/div>\n\t\t\t\t<div class=\"elementor-element elementor-element-23bf0ee elementor-widget elementor-widget-button\" data-id=\"23bf0ee\" data-element_type=\"widget\" data-e-type=\"widget\" data-widget_type=\"button.default\">\n\t\t\t\t\t\t\t\t\t\t<a class=\"elementor-button elementor-button-link elementor-size-sm elementor-animation-grow\" href=\"#elementor-action%3Aaction%3Dpopup%3Aopen%26settings%3DeyJpZCI6MjkwNCwidG9nZ2xlIjpmYWxzZX0%3D\">\n\t\t\t\t\t\t<span class=\"elementor-button-content-wrapper\">\n\t\t\t\t\t\t<span class=\"elementor-button-icon\">\n\t\t\t\t<svg aria-hidden=\"true\" class=\"e-font-icon-svg e-fas-arrow-right\" viewBox=\"0 0 448 512\" xmlns=\"http:\/\/www.w3.org\/2000\/svg\"><path d=\"M190.5 66.9l22.2-22.2c9.4-9.4 24.6-9.4 33.9 0L441 239c9.4 9.4 9.4 24.6 0 33.9L246.6 467.3c-9.4 9.4-24.6 9.4-33.9 0l-22.2-22.2c-9.5-9.5-9.3-25 .4-34.3L311.4 296H24c-13.3 0-24-10.7-24-24v-32c0-13.3 10.7-24 24-24h287.4L190.9 101.2c-9.8-9.3-10-24.8-.4-34.3z\"><\/path><\/svg>\t\t\t<\/span>\n\t\t\t\t\t\t\t\t\t<span class=\"elementor-button-text\">Demande d'informations sur le produit<\/span>\n\t\t\t\t\t<\/span>\n\t\t\t\t\t<\/a>\n\t\t\t\t\t\t\t\t<\/div>\n\t\t\t\t\t<\/div>\n\t\t\t\t<\/div>\n\t\t<div class=\"elementor-element elementor-element-d7d6074 e-con-full e-flex e-con e-parent\" data-id=\"d7d6074\" data-element_type=\"container\" data-e-type=\"container\" data-settings=\"{&quot;background_background&quot;:&quot;classic&quot;,&quot;_ha_eqh_enable&quot;:false}\">\n\t\t\t\t<div class=\"elementor-element elementor-element-5ec2df4 elementor-widget-mobile__width-inherit ha-has-bg-overlay elementor-widget elementor-widget-image\" data-id=\"5ec2df4\" data-element_type=\"widget\" data-e-type=\"widget\" data-widget_type=\"image.default\">\n\t\t\t\t\t\t\t\t\t\t\t\t\t\t\t<img fetchpriority=\"high\" decoding=\"async\" width=\"2560\" height=\"1275\" src=\"https:\/\/lorenzg.de\/wp-content\/uploads\/2025\/09\/Lorenz23_Messe-5001-lge-scaled.jpg\" class=\"attachment-full size-full wp-image-1358\" alt=\"\" srcset=\"https:\/\/lorenzg.de\/wp-content\/uploads\/2025\/09\/Lorenz23_Messe-5001-lge-scaled.jpg 2560w, https:\/\/lorenzg.de\/wp-content\/uploads\/2025\/09\/Lorenz23_Messe-5001-lge-300x149.jpg 300w, https:\/\/lorenzg.de\/wp-content\/uploads\/2025\/09\/Lorenz23_Messe-5001-lge-1024x510.jpg 1024w, https:\/\/lorenzg.de\/wp-content\/uploads\/2025\/09\/Lorenz23_Messe-5001-lge-768x383.jpg 768w, https:\/\/lorenzg.de\/wp-content\/uploads\/2025\/09\/Lorenz23_Messe-5001-lge-1536x765.jpg 1536w, https:\/\/lorenzg.de\/wp-content\/uploads\/2025\/09\/Lorenz23_Messe-5001-lge-2048x1020.jpg 2048w\" sizes=\"(max-width: 2560px) 100vw, 2560px\" \/>\t\t\t\t\t\t\t\t\t\t\t\t\t\t\t<\/div>\n\t\t\t\t<\/div>\n\t\t\t\t<\/div>\n\t\t","protected":false},"excerpt":{"rendered":"<p>Roll-on Les roll-ons de Lorenz G. se distinguent par la pr\u00e9cision exceptionnelle de l&rsquo;interaction entre la bille de pr\u00e9cision et le raccord correspondant. Ces deux \u00e9l\u00e9ments garantissent une distribution uniforme du contenu, de la premi\u00e8re utilisation jusqu&rsquo;\u00e0 la derni\u00e8re goutte. Ceci est \u00e9conomique et respectueux de l&rsquo;environnement. C&rsquo;est pourquoi de nombreux fabricants, embouteilleurs et conditionneurs [&hellip;]<\/p>\n","protected":false},"author":1,"featured_media":0,"parent":0,"menu_order":0,"comment_status":"closed","ping_status":"closed","template":"","meta":{"inline_featured_image":false,"footnotes":""},"class_list":["post-2896","page","type-page","status-publish","hentry"],"_links":{"self":[{"href":"https:\/\/lorenzg.de\/fr\/wp-json\/wp\/v2\/pages\/2896","targetHints":{"allow":["GET"]}}],"collection":[{"href":"https:\/\/lorenzg.de\/fr\/wp-json\/wp\/v2\/pages"}],"about":[{"href":"https:\/\/lorenzg.de\/fr\/wp-json\/wp\/v2\/types\/page"}],"author":[{"embeddable":true,"href":"https:\/\/lorenzg.de\/fr\/wp-json\/wp\/v2\/users\/1"}],"replies":[{"embeddable":true,"href":"https:\/\/lorenzg.de\/fr\/wp-json\/wp\/v2\/comments?post=2896"}],"version-history":[{"count":5,"href":"https:\/\/lorenzg.de\/fr\/wp-json\/wp\/v2\/pages\/2896\/revisions"}],"predecessor-version":[{"id":3112,"href":"https:\/\/lorenzg.de\/fr\/wp-json\/wp\/v2\/pages\/2896\/revisions\/3112"}],"wp:attachment":[{"href":"https:\/\/lorenzg.de\/fr\/wp-json\/wp\/v2\/media?parent=2896"}],"curies":[{"name":"wp","href":"https:\/\/api.w.org\/{rel}","templated":true}]}}